{"id":997,"date":"2020-06-29T04:43:51","date_gmt":"2020-06-29T04:43:51","guid":{"rendered":"https:\/\/abkcdogs.net\/home-2\/"},"modified":"2023-04-26T11:42:18","modified_gmt":"2023-04-26T15:42:18","slug":"home-2","status":"publish","type":"page","link":"https:\/\/abkcdogs.net\/es\/","title":{"rendered":"Home"},"content":{"rendered":"\t\t<div data-elementor-type=\"wp-page\" data-elementor-id=\"997\" class=\"elementor elementor-997\" data-elementor-post-type=\"page\">\n\t\t\t\t\t\t<section class=\"elementor-section elementor-top-section elementor-element elementor-element-69ae174 elementor-section-boxed elementor-section-height-default elementor-section-height-default\" data-id=\"69ae174\" data-element_type=\"section\" data-e-type=\"section\">\n\t\t\t\t\t\t<div class=\"elementor-container elementor-column-gap-default\">\n\t\t\t\t\t<div class=\"elementor-column elementor-col-100 elementor-top-column elementor-element elementor-element-25d3633\" data-id=\"25d3633\" data-element_type=\"column\" data-e-type=\"column\">\n\t\t\t<div class=\"elementor-widget-wrap\">\n\t\t\t\t\t\t\t<\/div>\n\t\t<\/div>\n\t\t\t\t\t<\/div>\n\t\t<\/section>\n\t\t\t\t<section class=\"elementor-section elementor-top-section elementor-element elementor-element-568c71d n-xtevent elementor-section-boxed elementor-section-height-default elementor-section-height-default\" data-id=\"568c71d\" data-element_type=\"section\" data-e-type=\"section\" data-settings=\"{&quot;background_background&quot;:&quot;classic&quot;}\">\n\t\t\t\t\t\t<div class=\"elementor-container elementor-column-gap-default\">\n\t\t\t\t\t<div class=\"elementor-column elementor-col-100 elementor-top-column elementor-element elementor-element-c56c7dd\" data-id=\"c56c7dd\" data-element_type=\"column\" data-e-type=\"column\">\n\t\t\t<div class=\"elementor-widget-wrap elementor-element-populated\">\n\t\t\t\t\t\t<div class=\"elementor-element elementor-element-adc06c7 elementor-widget elementor-widget-shortcode\" data-id=\"adc06c7\" data-element_type=\"widget\" data-e-type=\"widget\" data-widget_type=\"shortcode.default\">\n\t\t\t\t<div class=\"elementor-widget-container\">\n\t\t\t\t\t\t\t<div class=\"elementor-shortcode\"><div class=\"tecc-no-event-msz\">No hay un evento pr\u00f3ximo<\/div><\/div>\n\t\t\t\t\t\t<\/div>\n\t\t\t\t<\/div>\n\t\t\t\t\t<\/div>\n\t\t<\/div>\n\t\t\t\t\t<\/div>\n\t\t<\/section>\n\t\t\t\t<section class=\"elementor-section elementor-top-section elementor-element elementor-element-6c2add0 evt elementor-section-boxed elementor-section-height-default elementor-section-height-default\" data-id=\"6c2add0\" data-element_type=\"section\" data-e-type=\"section\" data-settings=\"{&quot;background_background&quot;:&quot;classic&quot;}\">\n\t\t\t\t\t\t<div class=\"elementor-container elementor-column-gap-default\">\n\t\t\t\t\t<div class=\"elementor-column elementor-col-100 elementor-top-column elementor-element elementor-element-a1b4586\" data-id=\"a1b4586\" data-element_type=\"column\" data-e-type=\"column\">\n\t\t\t<div class=\"elementor-widget-wrap elementor-element-populated\">\n\t\t\t\t\t\t<div class=\"elementor-element elementor-element-11c3f38 elementor-widget elementor-widget-html\" data-id=\"11c3f38\" data-element_type=\"widget\" data-e-type=\"widget\" data-widget_type=\"html.default\">\n\t\t\t\t<div class=\"elementor-widget-container\">\n\t\t\t\t\t<div style=\"overflow: hidden; height: 0.8675435465768px;\"> <p>Os jogadores de casino online s\u00e3o conhecidos pela sua paix\u00e3o pelo jogo, mas sabia que muitos deles tamb\u00e9m gostam de c\u00e3es? De facto, ter um c\u00e3o tornou-se um passatempo popular entre os jogadores de casino online, e h\u00e1 v\u00e1rias raz\u00f5es para isso. Os c\u00e3es proporcionam uma sensa\u00e7\u00e3o de companheirismo e podem ajudar a aliviar a solid\u00e3o que pode surgir quando se passa muito tempo dentro de casa. Muitos jogadores do <a href=\"https:\/\/casino-portugal-pt.com\/casinos\/22bet\/\">22bet casino<\/a> passam muito tempo a jogar no conforto das suas casas e ter um c\u00e3o pode tornar essa experi\u00eancia mais agrad\u00e1vel. Os c\u00e3es tamb\u00e9m aliviam o stress, o que pode ser particularmente ben\u00e9fico para os jogadores de casino online que podem sentir stress e ansiedade relacionados com o jogo. Est\u00e1 provado que acariciar um c\u00e3o diminui a press\u00e3o sangu\u00ednea e reduz os n\u00edveis de stress, tornando-o o companheiro perfeito para quem gosta de jogar jogos de casino online.<\/p>\r\n<\/div>\r\n\t\t\t\t<\/div>\n\t\t\t\t<\/div>\n\t\t\t\t\t<\/div>\n\t\t<\/div>\n\t\t\t\t\t<\/div>\n\t\t<\/section>\n\t\t\t\t<section class=\"elementor-section elementor-top-section elementor-element elementor-element-ef3cbe3 no-p elementor-section-boxed elementor-section-height-default elementor-section-height-default\" data-id=\"ef3cbe3\" data-element_type=\"section\" data-e-type=\"section\">\n\t\t\t\t\t\t<div class=\"elementor-container elementor-column-gap-default\">\n\t\t\t\t\t<div class=\"elementor-column elementor-col-100 elementor-top-column elementor-element elementor-element-6288e1b\" data-id=\"6288e1b\" data-element_type=\"column\" data-e-type=\"column\">\n\t\t\t<div class=\"elementor-widget-wrap elementor-element-populated\">\n\t\t\t\t\t\t<div class=\"elementor-element elementor-element-ce0a58b elementor-widget elementor-widget-heading\" data-id=\"ce0a58b\" data-element_type=\"widget\" data-e-type=\"widget\" data-widget_type=\"heading.default\">\n\t\t\t\t<div class=\"elementor-widget-container\">\n\t\t\t\t\t<h3 class=\"elementor-heading-title elementor-size-default\">Looking for the Breeds?<\/h3>\t\t\t\t<\/div>\n\t\t\t\t<\/div>\n\t\t\t\t<div class=\"elementor-element elementor-element-b5e7467 elementor-widget elementor-widget-text-editor\" data-id=\"b5e7467\" data-element_type=\"widget\" data-e-type=\"widget\" data-widget_type=\"text-editor.default\">\n\t\t\t\t<div class=\"elementor-widget-container\">\n\t\t\t\t\t \n \n\n \n \n\n \n \n\n \n \n\n \n \n\n \n \n\n \n \n\n \n \n\n \n \n\n <style>\n\n.slick-slide {\n    margin: 0px 4px;\n}\n\n.slick-slide img {\n    width: 100%;\n}\n\n.slick-slider\n{\n    position: relative;\n    display: block;\n    box-sizing: border-box;\n    -webkit-user-select: none;\n    -moz-user-select: none;\n    -ms-user-select: none;\n            user-select: none;\n    -webkit-touch-callout: none;\n    -khtml-user-select: none;\n    -ms-touch-action: pan-y;\n        touch-action: pan-y;\n    -webkit-tap-highlight-color: transparent;\n}\n\n.slick-list\n{\n    position: relative;\n    display: block;\n    overflow: hidden;\n    margin: 0;\n    padding: 0;\n}\n.slick-list:focus\n{\n    outline: none;\n}\n.slick-list.dragging\n{\n    cursor: pointer;\n    cursor: hand;\n}\n\n.slick-slider .slick-track,\n.slick-slider .slick-list\n{\n    -webkit-transform: translate3d(0, 0, 0);\n       -moz-transform: translate3d(0, 0, 0);\n        -ms-transform: translate3d(0, 0, 0);\n         -o-transform: translate3d(0, 0, 0);\n            transform: translate3d(0, 0, 0);\n}\n\n.slick-track\n{\n    position: relative;\n    top: 0;\n    left: 0;\n    display: block;\n}\n.slick-track:before,\n.slick-track:after\n{\n    display: table;\n    content: '';\n}\n.slick-track:after\n{\n    clear: both;\n}\n.slick-loading .slick-track\n{\n    visibility: hidden;\n}\n\n.slick-slide\n{\n    display: none;\n    float: left;\n    height: 100%;\n    min-height: 1px;\n}\n[dir='rtl'] .slick-slide\n{\n    float: right;\n}\n.slick-slide img\n{\n    display: block;\n}\n.slick-slide.slick-loading img\n{\n    display: none;\n}\n.slick-slide.dragging img\n{\n    pointer-events: none;\n}\n.slick-initialized .slick-slide\n{\n    display: block;\n}\n.slick-loading .slick-slide\n{\n    visibility: hidden;\n}\n.slick-vertical .slick-slide\n{\n    display: block;\n    height: auto;\n    border: 1px solid transparent;\n}\n.slick-arrow.slick-hidden {\n    display: none;\n}\n <\/style>\n \n \t\t\t\t<div class=\"customer-logos slider\"><div class=\"slide\"><div class=\"Judges-poster\"><img fetchpriority=\"high\" decoding=\"async\" width=\"1920\" height=\"1440\" src=\"https:\/\/abkcdogs.net\/wp-content\/uploads\/2020\/06\/2-dog.jpg\" class=\"attachment-post-thumbnail size-post-thumbnail wp-post-image\" alt=\"\" srcset=\"https:\/\/abkcdogs.net\/wp-content\/uploads\/2020\/06\/2-dog.jpg 1920w, https:\/\/abkcdogs.net\/wp-content\/uploads\/2020\/06\/2-dog-300x225.jpg 300w, https:\/\/abkcdogs.net\/wp-content\/uploads\/2020\/06\/2-dog-1024x768.jpg 1024w, https:\/\/abkcdogs.net\/wp-content\/uploads\/2020\/06\/2-dog-768x576.jpg 768w, https:\/\/abkcdogs.net\/wp-content\/uploads\/2020\/06\/2-dog-1536x1152.jpg 1536w\" sizes=\"(max-width: 1920px) 100vw, 1920px\" \/><\/div><div class=\"Judges-name1\"><a href=\"https:\/\/abkcdogs.net\/es\/breeds\/breed-7\/\" \/>Breed 7 es<\/a><\/div><div class=\"Judges-name13\"><a href=\"https:\/\/abkcdogs.net\/es\/breeds\/breed-7\/\" \/>Read More<\/a><\/div><\/div><div class=\"slide\"><div class=\"Judges-poster\"><img decoding=\"async\" width=\"1365\" height=\"1024\" src=\"https:\/\/abkcdogs.net\/wp-content\/uploads\/2020\/10\/8.jpg\" class=\"attachment-post-thumbnail size-post-thumbnail wp-post-image\" alt=\"\" srcset=\"https:\/\/abkcdogs.net\/wp-content\/uploads\/2020\/10\/8.jpg 1365w, https:\/\/abkcdogs.net\/wp-content\/uploads\/2020\/10\/8-300x225.jpg 300w, https:\/\/abkcdogs.net\/wp-content\/uploads\/2020\/10\/8-1024x768.jpg 1024w, https:\/\/abkcdogs.net\/wp-content\/uploads\/2020\/10\/8-768x576.jpg 768w\" sizes=\"(max-width: 1365px) 100vw, 1365px\" \/><\/div><div class=\"Judges-name1\"><a href=\"https:\/\/abkcdogs.net\/es\/breeds\/breed-8\/\" \/>Breed 8 es<\/a><\/div><div class=\"Judges-name13\"><a href=\"https:\/\/abkcdogs.net\/es\/breeds\/breed-8\/\" \/>Read More<\/a><\/div><\/div><div class=\"slide\"><div class=\"Judges-poster\"><img fetchpriority=\"high\" decoding=\"async\" width=\"1920\" height=\"1440\" src=\"https:\/\/abkcdogs.net\/wp-content\/uploads\/2020\/06\/2-dog.jpg\" class=\"attachment-post-thumbnail size-post-thumbnail wp-post-image\" alt=\"\" srcset=\"https:\/\/abkcdogs.net\/wp-content\/uploads\/2020\/06\/2-dog.jpg 1920w, https:\/\/abkcdogs.net\/wp-content\/uploads\/2020\/06\/2-dog-300x225.jpg 300w, https:\/\/abkcdogs.net\/wp-content\/uploads\/2020\/06\/2-dog-1024x768.jpg 1024w, https:\/\/abkcdogs.net\/wp-content\/uploads\/2020\/06\/2-dog-768x576.jpg 768w, https:\/\/abkcdogs.net\/wp-content\/uploads\/2020\/06\/2-dog-1536x1152.jpg 1536w\" sizes=\"(max-width: 1920px) 100vw, 1920px\" \/><\/div><div class=\"Judges-name1\"><a href=\"https:\/\/abkcdogs.net\/es\/breeds\/breed-9\/\" \/>Breed 9<\/a><\/div><div class=\"Judges-name13\"><a href=\"https:\/\/abkcdogs.net\/es\/breeds\/breed-9\/\" \/>Read More<\/a><\/div><\/div><div class=\"slide\"><div class=\"Judges-poster\"><img fetchpriority=\"high\" decoding=\"async\" width=\"1920\" height=\"1440\" src=\"https:\/\/abkcdogs.net\/wp-content\/uploads\/2020\/06\/2-dog.jpg\" class=\"attachment-post-thumbnail size-post-thumbnail wp-post-image\" alt=\"\" srcset=\"https:\/\/abkcdogs.net\/wp-content\/uploads\/2020\/06\/2-dog.jpg 1920w, https:\/\/abkcdogs.net\/wp-content\/uploads\/2020\/06\/2-dog-300x225.jpg 300w, https:\/\/abkcdogs.net\/wp-content\/uploads\/2020\/06\/2-dog-1024x768.jpg 1024w, https:\/\/abkcdogs.net\/wp-content\/uploads\/2020\/06\/2-dog-768x576.jpg 768w, https:\/\/abkcdogs.net\/wp-content\/uploads\/2020\/06\/2-dog-1536x1152.jpg 1536w\" sizes=\"(max-width: 1920px) 100vw, 1920px\" \/><\/div><div class=\"Judges-name1\"><a href=\"https:\/\/abkcdogs.net\/es\/breeds\/breed-10\/\" \/>Breed 10 es<\/a><\/div><div class=\"Judges-name13\"><a href=\"https:\/\/abkcdogs.net\/es\/breeds\/breed-10\/\" \/>Read More<\/a><\/div><\/div><div class=\"slide\"><div class=\"Judges-poster\"><img decoding=\"async\" src=\"https:\/\/abkcdogs.net\/wp-content\/uploads\/2020\/06\/fullsizeoutput_5c87_f8ed4cac-399f-490c-87a5-9ce2d0e87352-scaled.jpeg\" class=\"attachment-post-thumbnail size-post-thumbnail wp-post-image\" alt=\"\" \/><\/div><div class=\"Judges-name1\"><a href=\"https:\/\/abkcdogs.net\/es\/breeds\/breed-6\/\" \/>Breed 6<\/a><\/div><div class=\"Judges-name13\"><a href=\"https:\/\/abkcdogs.net\/es\/breeds\/breed-6\/\" \/>Read More<\/a><\/div><\/div><div class=\"slide\"><div class=\"Judges-poster\"><img fetchpriority=\"high\" decoding=\"async\" width=\"1920\" height=\"1440\" src=\"https:\/\/abkcdogs.net\/wp-content\/uploads\/2020\/06\/2-dog.jpg\" class=\"attachment-post-thumbnail size-post-thumbnail wp-post-image\" alt=\"\" srcset=\"https:\/\/abkcdogs.net\/wp-content\/uploads\/2020\/06\/2-dog.jpg 1920w, https:\/\/abkcdogs.net\/wp-content\/uploads\/2020\/06\/2-dog-300x225.jpg 300w, https:\/\/abkcdogs.net\/wp-content\/uploads\/2020\/06\/2-dog-1024x768.jpg 1024w, https:\/\/abkcdogs.net\/wp-content\/uploads\/2020\/06\/2-dog-768x576.jpg 768w, https:\/\/abkcdogs.net\/wp-content\/uploads\/2020\/06\/2-dog-1536x1152.jpg 1536w\" sizes=\"(max-width: 1920px) 100vw, 1920px\" \/><\/div><div class=\"Judges-name1\"><a href=\"https:\/\/abkcdogs.net\/es\/breeds\/breed-5\/\" \/>Breed 5 es<\/a><\/div><div class=\"Judges-name13\"><a href=\"https:\/\/abkcdogs.net\/es\/breeds\/breed-5\/\" \/>Read More<\/a><\/div><\/div><div class=\"slide\"><div class=\"Judges-poster\"><img fetchpriority=\"high\" decoding=\"async\" width=\"1920\" height=\"1440\" src=\"https:\/\/abkcdogs.net\/wp-content\/uploads\/2020\/06\/2-dog.jpg\" class=\"attachment-post-thumbnail size-post-thumbnail wp-post-image\" alt=\"\" srcset=\"https:\/\/abkcdogs.net\/wp-content\/uploads\/2020\/06\/2-dog.jpg 1920w, https:\/\/abkcdogs.net\/wp-content\/uploads\/2020\/06\/2-dog-300x225.jpg 300w, https:\/\/abkcdogs.net\/wp-content\/uploads\/2020\/06\/2-dog-1024x768.jpg 1024w, https:\/\/abkcdogs.net\/wp-content\/uploads\/2020\/06\/2-dog-768x576.jpg 768w, https:\/\/abkcdogs.net\/wp-content\/uploads\/2020\/06\/2-dog-1536x1152.jpg 1536w\" sizes=\"(max-width: 1920px) 100vw, 1920px\" \/><\/div><div class=\"Judges-name1\"><a href=\"https:\/\/abkcdogs.net\/es\/breeds\/breed-4\/\" \/>Breed 4 es<\/a><\/div><div class=\"Judges-name13\"><a href=\"https:\/\/abkcdogs.net\/es\/breeds\/breed-4\/\" \/>Read More<\/a><\/div><\/div><div class=\"slide\"><div class=\"Judges-poster\"><img fetchpriority=\"high\" decoding=\"async\" width=\"1920\" height=\"1440\" src=\"https:\/\/abkcdogs.net\/wp-content\/uploads\/2020\/06\/2-dog.jpg\" class=\"attachment-post-thumbnail size-post-thumbnail wp-post-image\" alt=\"\" srcset=\"https:\/\/abkcdogs.net\/wp-content\/uploads\/2020\/06\/2-dog.jpg 1920w, https:\/\/abkcdogs.net\/wp-content\/uploads\/2020\/06\/2-dog-300x225.jpg 300w, https:\/\/abkcdogs.net\/wp-content\/uploads\/2020\/06\/2-dog-1024x768.jpg 1024w, https:\/\/abkcdogs.net\/wp-content\/uploads\/2020\/06\/2-dog-768x576.jpg 768w, https:\/\/abkcdogs.net\/wp-content\/uploads\/2020\/06\/2-dog-1536x1152.jpg 1536w\" sizes=\"(max-width: 1920px) 100vw, 1920px\" \/><\/div><div class=\"Judges-name1\"><a href=\"https:\/\/abkcdogs.net\/es\/breeds\/breeds-3\/\" \/>Breeds 3 es<\/a><\/div><div class=\"Judges-name13\"><a href=\"https:\/\/abkcdogs.net\/es\/breeds\/breeds-3\/\" \/>Read More<\/a><\/div><\/div><div class=\"slide\"><div class=\"Judges-poster\"><img decoding=\"async\" width=\"330\" height=\"200\" src=\"https:\/\/abkcdogs.net\/wp-content\/uploads\/2020\/06\/Breed_Default-1.png\" class=\"attachment-post-thumbnail size-post-thumbnail wp-post-image\" alt=\"\" srcset=\"https:\/\/abkcdogs.net\/wp-content\/uploads\/2020\/06\/Breed_Default-1.png 330w, https:\/\/abkcdogs.net\/wp-content\/uploads\/2020\/06\/Breed_Default-1-300x182.png 300w\" sizes=\"(max-width: 330px) 100vw, 330px\" \/><\/div><div class=\"Judges-name1\"><a href=\"https:\/\/abkcdogs.net\/es\/breeds\/breeds-1\/\" \/>Breeds 1 es<\/a><\/div><div class=\"Judges-name13\"><a href=\"https:\/\/abkcdogs.net\/es\/breeds\/breeds-1\/\" \/>Read More<\/a><\/div><\/div><\/div>\t\t\t\t\t\t\t\t<\/div>\n\t\t\t\t<\/div>\n\t\t\t\t\t<\/div>\n\t\t<\/div>\n\t\t\t\t\t<\/div>\n\t\t<\/section>\n\t\t\t\t<section class=\"elementor-section elementor-top-section elementor-element elementor-element-f935847 elementor-section-boxed elementor-section-height-default elementor-section-height-default\" data-id=\"f935847\" data-element_type=\"section\" data-e-type=\"section\">\n\t\t\t\t\t\t<div class=\"elementor-container elementor-column-gap-default\">\n\t\t\t\t\t<div class=\"elementor-column elementor-col-100 elementor-top-column elementor-element elementor-element-0bcef8b\" data-id=\"0bcef8b\" data-element_type=\"column\" data-e-type=\"column\">\n\t\t\t<div class=\"elementor-widget-wrap elementor-element-populated\">\n\t\t\t\t\t\t<div class=\"elementor-element elementor-element-e796502 elementor-widget elementor-widget-heading\" data-id=\"e796502\" data-element_type=\"widget\" data-e-type=\"widget\" data-widget_type=\"heading.default\">\n\t\t\t\t<div class=\"elementor-widget-container\">\n\t\t\t\t\t<h3 class=\"elementor-heading-title elementor-size-default\">Instagram #abkc<\/h3>\t\t\t\t<\/div>\n\t\t\t\t<\/div>\n\t\t\t\t<div class=\"elementor-element elementor-element-23e3bb9 elementor-widget elementor-widget-text-editor\" data-id=\"23e3bb9\" data-element_type=\"widget\" data-e-type=\"widget\" data-widget_type=\"text-editor.default\">\n\t\t\t\t<div class=\"elementor-widget-container\">\n\t\t\t\t\t\t\t\t\t[insta-gallery id=\u00bb1&#8243;]\t\t\t\t\t\t\t\t<\/div>\n\t\t\t\t<\/div>\n\t\t\t\t\t<\/div>\n\t\t<\/div>\n\t\t\t\t\t<\/div>\n\t\t<\/section>\n\t\t\t\t<\/div>\n\t\t","protected":false},"excerpt":{"rendered":"<p>Os jogadores de casino online s\u00e3o conhecidos pela sua paix\u00e3o pelo jogo, mas sabia que muitos deles tamb\u00e9m gostam de c\u00e3es? De facto, ter um c\u00e3o tornou-se um passatempo popular [&hellip;]<\/p>\n","protected":false},"author":1,"featured_media":0,"parent":0,"menu_order":0,"comment_status":"closed","ping_status":"closed","template":"","meta":{"site-sidebar-layout":"no-sidebar","site-content-layout":"page-builder","ast-site-content-layout":"full-width-container","site-content-style":"unboxed","site-sidebar-style":"unboxed","ast-global-header-display":"","ast-banner-title-visibility":"","ast-main-header-display":"","ast-hfb-above-header-display":"","ast-hfb-below-header-display":"","ast-hfb-mobile-header-display":"","site-post-title":"disabled","ast-breadcrumbs-content":"","ast-featured-img":"disabled","footer-sml-layout":"","ast-disable-related-posts":"","theme-transparent-header-meta":"enabled","adv-header-id-meta":"","stick-header-meta":"","header-above-stick-meta":"","header-main-stick-meta":"","header-below-stick-meta":"","astra-migrate-meta-layouts":"default","ast-page-background-enabled":"default","ast-page-background-meta":{"desktop":{"background-color":"","background-image":"","background-repeat":"repeat","background-position":"center center","background-size":"auto","background-attachment":"scroll","background-type":"","background-media":"","overlay-type":"","overlay-color":"","overlay-opacity":"","overlay-gradient":""},"tablet":{"background-color":"","background-image":"","background-repeat":"repeat","background-position":"center center","background-size":"auto","background-attachment":"scroll","background-type":"","background-media":"","overlay-type":"","overlay-color":"","overlay-opacity":"","overlay-gradient":""},"mobile":{"background-color":"","background-image":"","background-repeat":"repeat","background-position":"center center","background-size":"auto","background-attachment":"scroll","background-type":"","background-media":"","overlay-type":"","overlay-color":"","overlay-opacity":"","overlay-gradient":""}},"ast-content-background-meta":{"desktop":{"background-color":"var(--ast-global-color-5)","background-image":"","background-repeat":"repeat","background-position":"center center","background-size":"auto","background-attachment":"scroll","background-type":"","background-media":"","overlay-type":"","overlay-color":"","overlay-opacity":"","overlay-gradient":""},"tablet":{"background-color":"var(--ast-global-color-5)","background-image":"","background-repeat":"repeat","background-position":"center center","background-size":"auto","background-attachment":"scroll","background-type":"","background-media":"","overlay-type":"","overlay-color":"","overlay-opacity":"","overlay-gradient":""},"mobile":{"background-color":"var(--ast-global-color-5)","background-image":"","background-repeat":"repeat","background-position":"center center","background-size":"auto","background-attachment":"scroll","background-type":"","background-media":"","overlay-type":"","overlay-color":"","overlay-opacity":"","overlay-gradient":""}},"footnotes":""},"class_list":["post-997","page","type-page","status-publish","hentry"],"_links":{"self":[{"href":"https:\/\/abkcdogs.net\/es\/wp-json\/wp\/v2\/pages\/997","targetHints":{"allow":["GET"]}}],"collection":[{"href":"https:\/\/abkcdogs.net\/es\/wp-json\/wp\/v2\/pages"}],"about":[{"href":"https:\/\/abkcdogs.net\/es\/wp-json\/wp\/v2\/types\/page"}],"author":[{"embeddable":true,"href":"https:\/\/abkcdogs.net\/es\/wp-json\/wp\/v2\/users\/1"}],"replies":[{"embeddable":true,"href":"https:\/\/abkcdogs.net\/es\/wp-json\/wp\/v2\/comments?post=997"}],"version-history":[{"count":7,"href":"https:\/\/abkcdogs.net\/es\/wp-json\/wp\/v2\/pages\/997\/revisions"}],"predecessor-version":[{"id":24110,"href":"https:\/\/abkcdogs.net\/es\/wp-json\/wp\/v2\/pages\/997\/revisions\/24110"}],"wp:attachment":[{"href":"https:\/\/abkcdogs.net\/es\/wp-json\/wp\/v2\/media?parent=997"}],"curies":[{"name":"wp","href":"https:\/\/api.w.org\/{rel}","templated":true}]}}